{"id":78,"date":"2024-04-05T02:53:51","date_gmt":"2024-04-05T02:53:51","guid":{"rendered":"https:\/\/iyoga-leipzig.de\/blog\/?page_id=78"},"modified":"2024-04-05T02:54:01","modified_gmt":"2024-04-05T02:54:01","slug":"preise","status":"publish","type":"page","link":"https:\/\/iyoga-leipzig.de\/blog\/preise\/","title":{"rendered":"Preise"},"content":{"rendered":"\n<div class=\"wp-block-uagb-container uagb-block-9cfe8734 alignfull uagb-is-root-container\"><div class=\"uagb-container-inner-blocks-wrap\">\n<h2 class=\"wp-block-heading has-text-align-left\">Preise<\/h2>\n\n\n\n<figure class=\"wp-block-table is-style-stripes\"><table><tbody><tr><td><strong>Einzelstunde<\/strong><\/td><td class=\"has-text-align-left\" data-align=\"left\">90 min<\/td><td class=\"has-text-align-right\" data-align=\"right\"><strong>15,00 \u20ac<br>erm\u00e4\u00dfigt 12,00 \u20ac<\/strong><\/td><\/tr><tr><td><strong>5er Karte<\/strong><\/td><td class=\"has-text-align-left\" data-align=\"left\">10 Wochen g\u00fcltig<\/td><td class=\"has-text-align-right\" data-align=\"right\"><strong>65,00 \u20ac<\/strong><br><strong>erm\u00e4\u00dfigt 55,00 \u20ac<\/strong><\/td><\/tr><tr><td><strong>10er Karte<\/strong><\/td><td class=\"has-text-align-left\" data-align=\"left\">16 Wochen g\u00fcltig<\/td><td class=\"has-text-align-right\" data-align=\"right\"><strong>130,00 \u20ac<\/strong><br><strong>erm\u00e4\u00dfigt 110,00 \u20ac<\/strong><\/td><\/tr><tr><td><strong>Einzelunterricht<\/strong><\/td><td class=\"has-text-align-left\" data-align=\"left\">60 min<br>90 min<\/td><td class=\"has-text-align-right\" data-align=\"right\"><strong>60,00 \u20ac<\/strong><br><strong>80,00 \u20ac<\/strong><\/td><\/tr><\/tbody><\/table><figcaption class=\"wp-element-caption\"><strong>Gesundheitsf\u00f6rderung durch Krankenkassen &amp; Arbeitgeber<\/strong><br>Individuelle Pr\u00e4vention und betriebliche Gesundheitsf\u00f6rderung &#8211; Pr\u00e4ventionsleitfaden \u00a7\u00a7 20 und 20a SGB V<br>Erkundigen Sie sich gern bei Ihrer Krankenkasse, inwieweit diese einen oder mehrere Yogakurse pro Jahr [anteilig] erstattet. Dazu geben Sie bitte bei Ihrer Krankenkasse die Kurs-ID der Zentralen Pr\u00fcfstelle f\u00fcr Pr\u00e4vention (ZPP) an: KU-ST-6MU36Q<br><\/figcaption><\/figure>\n<\/div><\/div>\n","protected":false},"excerpt":{"rendered":"<p>Preise Einzelstunde 90 min 15,00 \u20acerm\u00e4\u00dfigt 12,00 \u20ac 5er Karte 10 Wochen g\u00fcltig 65,00 \u20acerm\u00e4\u00dfigt 55,00 \u20ac 10er Karte 16 Wochen g\u00fcltig 130,00 \u20acerm\u00e4\u00dfigt 110,00 \u20ac Einzelunterricht 60 min90 min 60,00 \u20ac80,00 \u20ac Gesundheitsf\u00f6rderung durch Krankenkassen &amp; ArbeitgeberIndividuelle Pr\u00e4vention und betriebliche Gesundheitsf\u00f6rderung &#8211; Pr\u00e4ventionsleitfaden \u00a7\u00a7 20 und 20a SGB VErkundigen Sie sich gern bei Ihrer &hellip;<\/p>\n<p class=\"read-more\"> <a class=\"\" href=\"https:\/\/iyoga-leipzig.de\/blog\/preise\/\"> <span class=\"screen-reader-text\">Preise<\/span> Weiterlesen &raquo;<\/a><\/p>\n","protected":false},"author":1,"featured_media":0,"parent":0,"menu_order":0,"comment_status":"closed","ping_status":"closed","template":"","meta":{"_uag_custom_page_level_css":"","site-sidebar-layout":"default","site-content-layout":"","ast-site-content-layout":"default","site-content-style":"default","site-sidebar-style":"default","ast-global-header-display":"","ast-banner-title-visibility":"disabled","ast-main-header-display":"","ast-hfb-above-header-display":"","ast-hfb-below-header-display":"","ast-hfb-mobile-header-display":"","site-post-title":"","ast-breadcrumbs-content":"","ast-featured-img":"","footer-sml-layout":"","theme-transparent-header-meta":"","adv-header-id-meta":"","stick-header-meta":"","header-above-stick-meta":"","header-main-stick-meta":"","header-below-stick-meta":"","astra-migrate-meta-layouts":"set","footnotes":""},"class_list":["post-78","page","type-page","status-publish","hentry"],"yoast_head":"<!-- This site is optimized with the Yoast SEO plugin v21.1 - https:\/\/yoast.com\/wordpress\/plugins\/seo\/ -->\n<title>Preise - Eva Bube<\/title>\n<meta name=\"robots\" content=\"noindex, follow, max-snippet:-1, max-image-preview:large, max-video-preview:-1\" \/>\n<meta property=\"og:locale\" content=\"de_DE\" \/>\n<meta property=\"og:type\" content=\"article\" \/>\n<meta property=\"og:title\" content=\"Preise - Eva Bube\" \/>\n<meta property=\"og:description\" content=\"Preise Einzelstunde 90 min 15,00 \u20acerm\u00e4\u00dfigt 12,00 \u20ac 5er Karte 10 Wochen g\u00fcltig 65,00 \u20acerm\u00e4\u00dfigt 55,00 \u20ac 10er Karte 16 Wochen g\u00fcltig 130,00 \u20acerm\u00e4\u00dfigt 110,00 \u20ac Einzelunterricht 60 min90 min 60,00 \u20ac80,00 \u20ac Gesundheitsf\u00f6rderung durch Krankenkassen &amp; ArbeitgeberIndividuelle Pr\u00e4vention und betriebliche Gesundheitsf\u00f6rderung &#8211; Pr\u00e4ventionsleitfaden \u00a7\u00a7 20 und 20a SGB VErkundigen Sie sich gern bei Ihrer &hellip; Preise Weiterlesen &raquo;\" \/>\n<meta property=\"og:url\" content=\"https:\/\/iyoga-leipzig.de\/blog\/preise\/\" \/>\n<meta property=\"og:site_name\" content=\"Eva Bube\" \/>\n<meta property=\"article:modified_time\" content=\"2024-04-05T02:54:01+00:00\" \/>\n<meta name=\"twitter:card\" content=\"summary_large_image\" \/>\n<meta name=\"twitter:label1\" content=\"Gesch\u00e4tzte Lesezeit\" \/>\n\t<meta name=\"twitter:data1\" content=\"1\u00a0Minute\" \/>\n<script type=\"application\/ld+json\" class=\"yoast-schema-graph\">{\"@context\":\"https:\/\/schema.org\",\"@graph\":[{\"@type\":\"WebPage\",\"@id\":\"https:\/\/iyoga-leipzig.de\/blog\/preise\/\",\"url\":\"https:\/\/iyoga-leipzig.de\/blog\/preise\/\",\"name\":\"Preise - Eva Bube\",\"isPartOf\":{\"@id\":\"https:\/\/iyoga-leipzig.de\/blog\/#website\"},\"datePublished\":\"2024-04-05T02:53:51+00:00\",\"dateModified\":\"2024-04-05T02:54:01+00:00\",\"breadcrumb\":{\"@id\":\"https:\/\/iyoga-leipzig.de\/blog\/preise\/#breadcrumb\"},\"inLanguage\":\"de\",\"potentialAction\":[{\"@type\":\"ReadAction\",\"target\":[\"https:\/\/iyoga-leipzig.de\/blog\/preise\/\"]}]},{\"@type\":\"BreadcrumbList\",\"@id\":\"https:\/\/iyoga-leipzig.de\/blog\/preise\/#breadcrumb\",\"itemListElement\":[{\"@type\":\"ListItem\",\"position\":1,\"name\":\"Startseite\",\"item\":\"https:\/\/iyoga-leipzig.de\/blog\/\"},{\"@type\":\"ListItem\",\"position\":2,\"name\":\"Preise\"}]},{\"@type\":\"WebSite\",\"@id\":\"https:\/\/iyoga-leipzig.de\/blog\/#website\",\"url\":\"https:\/\/iyoga-leipzig.de\/blog\/\",\"name\":\"Eva Bube\",\"description\":\"- Iyengar Yoga in Leipzig - Schleu\u00dfig\",\"potentialAction\":[{\"@type\":\"SearchAction\",\"target\":{\"@type\":\"EntryPoint\",\"urlTemplate\":\"https:\/\/iyoga-leipzig.de\/blog\/?s={search_term_string}\"},\"query-input\":\"required name=search_term_string\"}],\"inLanguage\":\"de\"}]}<\/script>\n<!-- \/ Yoast SEO plugin. -->","yoast_head_json":{"title":"Preise - Eva Bube","robots":{"index":"noindex","follow":"follow","max-snippet":"max-snippet:-1","max-image-preview":"max-image-preview:large","max-video-preview":"max-video-preview:-1"},"og_locale":"de_DE","og_type":"article","og_title":"Preise - Eva Bube","og_description":"Preise Einzelstunde 90 min 15,00 \u20acerm\u00e4\u00dfigt 12,00 \u20ac 5er Karte 10 Wochen g\u00fcltig 65,00 \u20acerm\u00e4\u00dfigt 55,00 \u20ac 10er Karte 16 Wochen g\u00fcltig 130,00 \u20acerm\u00e4\u00dfigt 110,00 \u20ac Einzelunterricht 60 min90 min 60,00 \u20ac80,00 \u20ac Gesundheitsf\u00f6rderung durch Krankenkassen &amp; ArbeitgeberIndividuelle Pr\u00e4vention und betriebliche Gesundheitsf\u00f6rderung &#8211; Pr\u00e4ventionsleitfaden \u00a7\u00a7 20 und 20a SGB VErkundigen Sie sich gern bei Ihrer &hellip; Preise Weiterlesen &raquo;","og_url":"https:\/\/iyoga-leipzig.de\/blog\/preise\/","og_site_name":"Eva Bube","article_modified_time":"2024-04-05T02:54:01+00:00","twitter_card":"summary_large_image","twitter_misc":{"Gesch\u00e4tzte Lesezeit":"1\u00a0Minute"},"schema":{"@context":"https:\/\/schema.org","@graph":[{"@type":"WebPage","@id":"https:\/\/iyoga-leipzig.de\/blog\/preise\/","url":"https:\/\/iyoga-leipzig.de\/blog\/preise\/","name":"Preise - Eva Bube","isPartOf":{"@id":"https:\/\/iyoga-leipzig.de\/blog\/#website"},"datePublished":"2024-04-05T02:53:51+00:00","dateModified":"2024-04-05T02:54:01+00:00","breadcrumb":{"@id":"https:\/\/iyoga-leipzig.de\/blog\/preise\/#breadcrumb"},"inLanguage":"de","potentialAction":[{"@type":"ReadAction","target":["https:\/\/iyoga-leipzig.de\/blog\/preise\/"]}]},{"@type":"BreadcrumbList","@id":"https:\/\/iyoga-leipzig.de\/blog\/preise\/#breadcrumb","itemListElement":[{"@type":"ListItem","position":1,"name":"Startseite","item":"https:\/\/iyoga-leipzig.de\/blog\/"},{"@type":"ListItem","position":2,"name":"Preise"}]},{"@type":"WebSite","@id":"https:\/\/iyoga-leipzig.de\/blog\/#website","url":"https:\/\/iyoga-leipzig.de\/blog\/","name":"Eva Bube","description":"- Iyengar Yoga in Leipzig - Schleu\u00dfig","potentialAction":[{"@type":"SearchAction","target":{"@type":"EntryPoint","urlTemplate":"https:\/\/iyoga-leipzig.de\/blog\/?s={search_term_string}"},"query-input":"required name=search_term_string"}],"inLanguage":"de"}]}},"uagb_featured_image_src":{"full":false,"thumbnail":false,"medium":false,"medium_large":false,"large":false,"1536x1536":false,"2048x2048":false},"uagb_author_info":{"display_name":"admin","author_link":"https:\/\/iyoga-leipzig.de\/blog\/author\/petervoitenleitner\/"},"uagb_comment_info":0,"uagb_excerpt":"Preise Einzelstunde 90 min 15,00 \u20acerm\u00e4\u00dfigt 12,00 \u20ac 5er Karte 10 Wochen g\u00fcltig 65,00 \u20acerm\u00e4\u00dfigt 55,00 \u20ac 10er Karte 16 Wochen g\u00fcltig 130,00 \u20acerm\u00e4\u00dfigt 110,00 \u20ac Einzelunterricht 60 min90 min 60,00 \u20ac80,00 \u20ac Gesundheitsf\u00f6rderung durch Krankenkassen &amp; ArbeitgeberIndividuelle Pr\u00e4vention und betriebliche Gesundheitsf\u00f6rderung &#8211; Pr\u00e4ventionsleitfaden \u00a7\u00a7 20 und 20a SGB VErkundigen Sie sich gern bei Ihrer&hellip;","_links":{"self":[{"href":"https:\/\/iyoga-leipzig.de\/blog\/wp-json\/wp\/v2\/pages\/78","targetHints":{"allow":["GET"]}}],"collection":[{"href":"https:\/\/iyoga-leipzig.de\/blog\/wp-json\/wp\/v2\/pages"}],"about":[{"href":"https:\/\/iyoga-leipzig.de\/blog\/wp-json\/wp\/v2\/types\/page"}],"author":[{"embeddable":true,"href":"https:\/\/iyoga-leipzig.de\/blog\/wp-json\/wp\/v2\/users\/1"}],"replies":[{"embeddable":true,"href":"https:\/\/iyoga-leipzig.de\/blog\/wp-json\/wp\/v2\/comments?post=78"}],"version-history":[{"count":2,"href":"https:\/\/iyoga-leipzig.de\/blog\/wp-json\/wp\/v2\/pages\/78\/revisions"}],"predecessor-version":[{"id":98,"href":"https:\/\/iyoga-leipzig.de\/blog\/wp-json\/wp\/v2\/pages\/78\/revisions\/98"}],"wp:attachment":[{"href":"https:\/\/iyoga-leipzig.de\/blog\/wp-json\/wp\/v2\/media?parent=78"}],"curies":[{"name":"wp","href":"https:\/\/api.w.org\/{rel}","templated":true}]}}