{"id":76,"date":"2024-04-05T02:53:23","date_gmt":"2024-04-05T02:53:23","guid":{"rendered":"https:\/\/iyoga-leipzig.de\/blog\/?page_id=76"},"modified":"2024-04-05T02:55:04","modified_gmt":"2024-04-05T02:55:04","slug":"yogakurse","status":"publish","type":"page","link":"https:\/\/iyoga-leipzig.de\/blog\/yogakurse\/","title":{"rendered":"Yogakurse"},"content":{"rendered":"\n<div class=\"wp-block-uagb-container uagb-block-9cfe8734 alignfull uagb-is-root-container\"><div class=\"uagb-container-inner-blocks-wrap\">\n<h2 class=\"wp-block-heading has-text-align-left\">Yogakurse<\/h2>\n\n\n\n<figure class=\"wp-block-table is-style-stripes\"><table><tbody><tr><td><strong>Montag<\/strong><\/td><td class=\"has-text-align-left\" data-align=\"left\">Anf\u00e4nger \/&nbsp;Mittelstufe<br>Mittelstufe (h)<\/td><td class=\"has-text-align-right\" data-align=\"right\"><strong>30 &#8211; 10:00 Uhr<br>19:30 &#8211; 21:00 Uhr<\/strong><\/td><\/tr><tr><td><strong>Montag<\/strong><\/td><td class=\"has-text-align-left\" data-align=\"left\">55+<\/td><td class=\"has-text-align-right\" data-align=\"right\"><strong>10:30 &#8211; 12:00 Uhr<\/strong><\/td><\/tr><tr><td><strong>Mittwoch<\/strong><\/td><td class=\"has-text-align-left\" data-align=\"left\">Anf\u00e4nger (h)<br>Mittelstufe<\/td><td class=\"has-text-align-right\" data-align=\"right\"><strong>17:00 &#8211; 18:30 Uhr<br>19:00 &#8211; 20:30 Uhr<\/strong><\/td><\/tr><tr><td><strong>Donnerstag<\/strong><\/td><td class=\"has-text-align-left\" data-align=\"left\">Anf\u00e4nger \/&nbsp;Mittelstufe + Pranayama (h)<\/td><td class=\"has-text-align-right\" data-align=\"right\"><strong>9:00 &#8211; 10:30 Uhr<\/strong><\/td><\/tr><tr><td><strong>Freitag<\/strong><\/td><td class=\"has-text-align-left\" data-align=\"left\">55+<\/td><td class=\"has-text-align-right\" data-align=\"right\"><strong>10:00 &#8211; 11:30 Uhr<\/strong><\/td><\/tr><\/tbody><\/table><figcaption class=\"wp-element-caption\"><strong>A &#8211; Anf\u00e4nger<\/strong>&nbsp;\u2013 Diese Klasse ist f\u00fcr alle gedacht, die noch keine Erfahrung mit Iyengar Yoga haben.<br><strong>A\/M &#8211; Anf\u00e4nger \/ Mittelstufe<\/strong>&nbsp;\u2013 Gemischte Klasse, an der fortgeschrittene Anf\u00e4nger teilnehmen k\u00f6nnen.<br><strong>M &#8211; Mittelstufe<\/strong>&nbsp;\u2013 Die Teilnahme an dieser Klasse ist nach Absprache m\u00f6glich. Kopf- und Schulterstand und eventuelle Alternativhaltungen sollten sicher praktiziert werden.<br><strong>55 plus<\/strong>&nbsp;\u2013 An diesem Kurs d\u00fcrfen nicht nur Yoga-\u00dcbende ab 55 Jahren teilnehmen. Der Kurs ist f\u00fcr alle gedacht, die aus individuellen Gr\u00fcnden sanfter und ruhiger Yoga \u00fcben m\u00fcssen.<br><strong>Online Yoga<\/strong>&nbsp;&nbsp;\u2013 Bei den so genannten Hybridkursen ist es m\u00f6glich, online am laufenden Yogaunterricht im Studio teilzunehmen. Diese Kurse sind mit einem (h) gekennzeichnet.<\/figcaption><\/figure>\n<\/div><\/div>\n","protected":false},"excerpt":{"rendered":"<p>Yogakurse Montag Anf\u00e4nger \/&nbsp;MittelstufeMittelstufe (h) 30 &#8211; 10:00 Uhr19:30 &#8211; 21:00 Uhr Montag 55+ 10:30 &#8211; 12:00 Uhr Mittwoch Anf\u00e4nger (h)Mittelstufe 17:00 &#8211; 18:30 Uhr19:00 &#8211; 20:30 Uhr Donnerstag Anf\u00e4nger \/&nbsp;Mittelstufe + Pranayama (h) 9:00 &#8211; 10:30 Uhr Freitag 55+ 10:00 &#8211; 11:30 Uhr A &#8211; Anf\u00e4nger&nbsp;\u2013 Diese Klasse ist f\u00fcr alle gedacht, die noch &hellip;<\/p>\n<p class=\"read-more\"> <a class=\"\" href=\"https:\/\/iyoga-leipzig.de\/blog\/yogakurse\/\"> <span class=\"screen-reader-text\">Yogakurse<\/span> Weiterlesen &raquo;<\/a><\/p>\n","protected":false},"author":1,"featured_media":0,"parent":0,"menu_order":0,"comment_status":"closed","ping_status":"closed","template":"","meta":{"_uag_custom_page_level_css":"","site-sidebar-layout":"default","site-content-layout":"","ast-site-content-layout":"default","site-content-style":"default","site-sidebar-style":"default","ast-global-header-display":"","ast-banner-title-visibility":"disabled","ast-main-header-display":"","ast-hfb-above-header-display":"","ast-hfb-below-header-display":"","ast-hfb-mobile-header-display":"","site-post-title":"","ast-breadcrumbs-content":"","ast-featured-img":"","footer-sml-layout":"","theme-transparent-header-meta":"","adv-header-id-meta":"","stick-header-meta":"","header-above-stick-meta":"","header-main-stick-meta":"","header-below-stick-meta":"","astra-migrate-meta-layouts":"set","footnotes":""},"class_list":["post-76","page","type-page","status-publish","hentry"],"yoast_head":"<!-- This site is optimized with the Yoast SEO plugin v21.1 - https:\/\/yoast.com\/wordpress\/plugins\/seo\/ -->\n<title>Yogakurse - Eva Bube<\/title>\n<meta name=\"robots\" content=\"noindex, follow, max-snippet:-1, max-image-preview:large, max-video-preview:-1\" \/>\n<meta property=\"og:locale\" content=\"de_DE\" \/>\n<meta property=\"og:type\" content=\"article\" \/>\n<meta property=\"og:title\" content=\"Yogakurse - Eva Bube\" \/>\n<meta property=\"og:description\" content=\"Yogakurse Montag Anf\u00e4nger \/&nbsp;MittelstufeMittelstufe (h) 30 &#8211; 10:00 Uhr19:30 &#8211; 21:00 Uhr Montag 55+ 10:30 &#8211; 12:00 Uhr Mittwoch Anf\u00e4nger (h)Mittelstufe 17:00 &#8211; 18:30 Uhr19:00 &#8211; 20:30 Uhr Donnerstag Anf\u00e4nger \/&nbsp;Mittelstufe + Pranayama (h) 9:00 &#8211; 10:30 Uhr Freitag 55+ 10:00 &#8211; 11:30 Uhr A &#8211; Anf\u00e4nger&nbsp;\u2013 Diese Klasse ist f\u00fcr alle gedacht, die noch &hellip; Yogakurse Weiterlesen &raquo;\" \/>\n<meta property=\"og:url\" content=\"https:\/\/iyoga-leipzig.de\/blog\/yogakurse\/\" \/>\n<meta property=\"og:site_name\" content=\"Eva Bube\" \/>\n<meta property=\"article:modified_time\" content=\"2024-04-05T02:55:04+00:00\" \/>\n<meta name=\"twitter:card\" content=\"summary_large_image\" \/>\n<meta name=\"twitter:label1\" content=\"Gesch\u00e4tzte Lesezeit\" \/>\n\t<meta name=\"twitter:data1\" content=\"1\u00a0Minute\" \/>\n<script type=\"application\/ld+json\" class=\"yoast-schema-graph\">{\"@context\":\"https:\/\/schema.org\",\"@graph\":[{\"@type\":\"WebPage\",\"@id\":\"https:\/\/iyoga-leipzig.de\/blog\/yogakurse\/\",\"url\":\"https:\/\/iyoga-leipzig.de\/blog\/yogakurse\/\",\"name\":\"Yogakurse - Eva Bube\",\"isPartOf\":{\"@id\":\"https:\/\/iyoga-leipzig.de\/blog\/#website\"},\"datePublished\":\"2024-04-05T02:53:23+00:00\",\"dateModified\":\"2024-04-05T02:55:04+00:00\",\"breadcrumb\":{\"@id\":\"https:\/\/iyoga-leipzig.de\/blog\/yogakurse\/#breadcrumb\"},\"inLanguage\":\"de\",\"potentialAction\":[{\"@type\":\"ReadAction\",\"target\":[\"https:\/\/iyoga-leipzig.de\/blog\/yogakurse\/\"]}]},{\"@type\":\"BreadcrumbList\",\"@id\":\"https:\/\/iyoga-leipzig.de\/blog\/yogakurse\/#breadcrumb\",\"itemListElement\":[{\"@type\":\"ListItem\",\"position\":1,\"name\":\"Startseite\",\"item\":\"https:\/\/iyoga-leipzig.de\/blog\/\"},{\"@type\":\"ListItem\",\"position\":2,\"name\":\"Yogakurse\"}]},{\"@type\":\"WebSite\",\"@id\":\"https:\/\/iyoga-leipzig.de\/blog\/#website\",\"url\":\"https:\/\/iyoga-leipzig.de\/blog\/\",\"name\":\"Eva Bube\",\"description\":\"- Iyengar Yoga in Leipzig - Schleu\u00dfig\",\"potentialAction\":[{\"@type\":\"SearchAction\",\"target\":{\"@type\":\"EntryPoint\",\"urlTemplate\":\"https:\/\/iyoga-leipzig.de\/blog\/?s={search_term_string}\"},\"query-input\":\"required name=search_term_string\"}],\"inLanguage\":\"de\"}]}<\/script>\n<!-- \/ Yoast SEO plugin. -->","yoast_head_json":{"title":"Yogakurse - Eva Bube","robots":{"index":"noindex","follow":"follow","max-snippet":"max-snippet:-1","max-image-preview":"max-image-preview:large","max-video-preview":"max-video-preview:-1"},"og_locale":"de_DE","og_type":"article","og_title":"Yogakurse - Eva Bube","og_description":"Yogakurse Montag Anf\u00e4nger \/&nbsp;MittelstufeMittelstufe (h) 30 &#8211; 10:00 Uhr19:30 &#8211; 21:00 Uhr Montag 55+ 10:30 &#8211; 12:00 Uhr Mittwoch Anf\u00e4nger (h)Mittelstufe 17:00 &#8211; 18:30 Uhr19:00 &#8211; 20:30 Uhr Donnerstag Anf\u00e4nger \/&nbsp;Mittelstufe + Pranayama (h) 9:00 &#8211; 10:30 Uhr Freitag 55+ 10:00 &#8211; 11:30 Uhr A &#8211; Anf\u00e4nger&nbsp;\u2013 Diese Klasse ist f\u00fcr alle gedacht, die noch &hellip; Yogakurse Weiterlesen &raquo;","og_url":"https:\/\/iyoga-leipzig.de\/blog\/yogakurse\/","og_site_name":"Eva Bube","article_modified_time":"2024-04-05T02:55:04+00:00","twitter_card":"summary_large_image","twitter_misc":{"Gesch\u00e4tzte Lesezeit":"1\u00a0Minute"},"schema":{"@context":"https:\/\/schema.org","@graph":[{"@type":"WebPage","@id":"https:\/\/iyoga-leipzig.de\/blog\/yogakurse\/","url":"https:\/\/iyoga-leipzig.de\/blog\/yogakurse\/","name":"Yogakurse - Eva Bube","isPartOf":{"@id":"https:\/\/iyoga-leipzig.de\/blog\/#website"},"datePublished":"2024-04-05T02:53:23+00:00","dateModified":"2024-04-05T02:55:04+00:00","breadcrumb":{"@id":"https:\/\/iyoga-leipzig.de\/blog\/yogakurse\/#breadcrumb"},"inLanguage":"de","potentialAction":[{"@type":"ReadAction","target":["https:\/\/iyoga-leipzig.de\/blog\/yogakurse\/"]}]},{"@type":"BreadcrumbList","@id":"https:\/\/iyoga-leipzig.de\/blog\/yogakurse\/#breadcrumb","itemListElement":[{"@type":"ListItem","position":1,"name":"Startseite","item":"https:\/\/iyoga-leipzig.de\/blog\/"},{"@type":"ListItem","position":2,"name":"Yogakurse"}]},{"@type":"WebSite","@id":"https:\/\/iyoga-leipzig.de\/blog\/#website","url":"https:\/\/iyoga-leipzig.de\/blog\/","name":"Eva Bube","description":"- Iyengar Yoga in Leipzig - Schleu\u00dfig","potentialAction":[{"@type":"SearchAction","target":{"@type":"EntryPoint","urlTemplate":"https:\/\/iyoga-leipzig.de\/blog\/?s={search_term_string}"},"query-input":"required name=search_term_string"}],"inLanguage":"de"}]}},"uagb_featured_image_src":{"full":false,"thumbnail":false,"medium":false,"medium_large":false,"large":false,"1536x1536":false,"2048x2048":false},"uagb_author_info":{"display_name":"admin","author_link":"https:\/\/iyoga-leipzig.de\/blog\/author\/petervoitenleitner\/"},"uagb_comment_info":0,"uagb_excerpt":"Yogakurse Montag Anf\u00e4nger \/&nbsp;MittelstufeMittelstufe (h) 30 &#8211; 10:00 Uhr19:30 &#8211; 21:00 Uhr Montag 55+ 10:30 &#8211; 12:00 Uhr Mittwoch Anf\u00e4nger (h)Mittelstufe 17:00 &#8211; 18:30 Uhr19:00 &#8211; 20:30 Uhr Donnerstag Anf\u00e4nger \/&nbsp;Mittelstufe + Pranayama (h) 9:00 &#8211; 10:30 Uhr Freitag 55+ 10:00 &#8211; 11:30 Uhr A &#8211; Anf\u00e4nger&nbsp;\u2013 Diese Klasse ist f\u00fcr alle gedacht, die noch&hellip;","_links":{"self":[{"href":"https:\/\/iyoga-leipzig.de\/blog\/wp-json\/wp\/v2\/pages\/76","targetHints":{"allow":["GET"]}}],"collection":[{"href":"https:\/\/iyoga-leipzig.de\/blog\/wp-json\/wp\/v2\/pages"}],"about":[{"href":"https:\/\/iyoga-leipzig.de\/blog\/wp-json\/wp\/v2\/types\/page"}],"author":[{"embeddable":true,"href":"https:\/\/iyoga-leipzig.de\/blog\/wp-json\/wp\/v2\/users\/1"}],"replies":[{"embeddable":true,"href":"https:\/\/iyoga-leipzig.de\/blog\/wp-json\/wp\/v2\/comments?post=76"}],"version-history":[{"count":1,"href":"https:\/\/iyoga-leipzig.de\/blog\/wp-json\/wp\/v2\/pages\/76\/revisions"}],"predecessor-version":[{"id":77,"href":"https:\/\/iyoga-leipzig.de\/blog\/wp-json\/wp\/v2\/pages\/76\/revisions\/77"}],"wp:attachment":[{"href":"https:\/\/iyoga-leipzig.de\/blog\/wp-json\/wp\/v2\/media?parent=76"}],"curies":[{"name":"wp","href":"https:\/\/api.w.org\/{rel}","templated":true}]}}