{"id":25,"date":"2024-04-04T01:51:20","date_gmt":"2024-04-04T01:51:20","guid":{"rendered":"https:\/\/iyoga-leipzig.de\/blog\/?page_id=25"},"modified":"2024-04-12T13:44:44","modified_gmt":"2024-04-12T13:44:44","slug":"home","status":"publish","type":"page","link":"https:\/\/iyoga-leipzig.de\/blog\/","title":{"rendered":"Home"},"content":{"rendered":"\n<div class=\"wp-block-uagb-container uagb-block-bc629836 alignfull uagb-is-root-container\"><div class=\"uagb-container-inner-blocks-wrap\">\n<h1 class=\"wp-block-heading has-text-align-center has-ast-global-color-0-color has-text-color has-link-color wp-elements-aa305cc2a58932ec0453c40587361057\" style=\"font-size:6rem\"><em>Iyengar Yoga<\/em><\/h1>\n<\/div><\/div>\n\n\n\n<div class=\"wp-block-uagb-container uagb-block-ad312788 alignfull uagb-is-root-container\"><div class=\"uagb-container-inner-blocks-wrap\">\n<div class=\"wp-block-uagb-container uagb-block-2bf064af\">\n<p>Innehalten im Alltag, Zeit f\u00fcr mich und meinen K\u00f6rper zu haben, ihn zu sp\u00fcren und gesund zu erhalten sowie mit meinen Gef\u00fchlen und Bed\u00fcrfnissen in Kontakt zu kommen. Ich liebe die Momente der Klarheit, der Weite, der Stille, der Ausgeglichenheit, der Stabilit\u00e4t und Kraft, die sich beim Praktizieren auf k\u00f6rperlicher, emotionaler und geistiger Ebene einstellen k\u00f6nnen.<\/p>\n\n\n\n<p>Das von mir unterrichtete Iyengar\u00ae Yoga steht allen offen und kann von jedem v\u00f6llig unabh\u00e4ngig von Alter, Konstitution und Gesundheitszustand praktiziert werden.<\/p>\n\n\n\n<p>Der gezielte Einsatz von Hilfsmitteln hilft bei der korrekten Ausf\u00fchrung der einzelnen Yogahaltungen (Asanas) und der Atem\u00fcbungen (Pranayama).<\/p>\n<\/div>\n\n\n\n<div class=\"wp-block-uagb-container uagb-block-20baddc5\">\n<p>BKS Iyengar hat eine Form der Yogapraxis entwickelt, die exaktes anatomisches Wissen mit alter philosophischer Weisheit vereint und eine tiefe spirituelle Erfahrung erm\u00f6glicht.<\/p>\n\n\n\n<p>Iyengar\u00ae Yogalehrer*innen durchlaufen eine langj\u00e4hrige fundierte Ausbildung in Anatomie, Physiologie, Biodynamik und Philosophie.<\/p>\n\n\n\n<p>Der gew\u00fcnschte Weg der Yogapraxis sollte von au\u00dfen nach innen und von innen nach au\u00dfen gehen, als eine Erfahrung auf k\u00f6rperlicher, emotionaler und geistiger Ebene.<\/p>\n\n\n\n<p>Um mehr \u00fcber Iyengar\u00ae Yoga zu erfahren, verweise ich hier auf den&nbsp;<a href=\"http:\/\/www.iyengar-yoga-deutschland.de\/\" target=\"_blank\" rel=\"noreferrer noopener\">Iyengar\u00ae Yoga Deutschland Verband<\/a>, dem ich als Mitglied angeh\u00f6re.<\/p>\n<\/div>\n<\/div><\/div>\n\n\n\n<figure class=\"wp-block-image size-full\"><img loading=\"lazy\" decoding=\"async\" width=\"2560\" height=\"1703\" src=\"https:\/\/iyoga-leipzig.de\/blog\/wp-content\/uploads\/2024\/04\/DTB4460-scaled.jpg\" alt=\"\" class=\"wp-image-42\" srcset=\"https:\/\/iyoga-leipzig.de\/blog\/wp-content\/uploads\/2024\/04\/DTB4460-scaled.jpg 2560w, https:\/\/iyoga-leipzig.de\/blog\/wp-content\/uploads\/2024\/04\/DTB4460-300x200.jpg 300w, https:\/\/iyoga-leipzig.de\/blog\/wp-content\/uploads\/2024\/04\/DTB4460-1024x681.jpg 1024w, https:\/\/iyoga-leipzig.de\/blog\/wp-content\/uploads\/2024\/04\/DTB4460-768x511.jpg 768w, https:\/\/iyoga-leipzig.de\/blog\/wp-content\/uploads\/2024\/04\/DTB4460-1536x1022.jpg 1536w, https:\/\/iyoga-leipzig.de\/blog\/wp-content\/uploads\/2024\/04\/DTB4460-2048x1363.jpg 2048w\" sizes=\"auto, (max-width: 2560px) 100vw, 2560px\" \/><\/figure>\n\n\n\n<div class=\"wp-block-uagb-container uagb-block-54052312 alignfull uagb-is-root-container\"><div class=\"uagb-container-inner-blocks-wrap\">\n<div class=\"wp-block-uagb-container uagb-block-2a6a549c\">\n<h2 class=\"wp-block-heading has-text-align-left\">Das Studio<\/h2>\n\n\n\n<p class=\"has-text-align-left\">Mein Iyengar Yoga Studio befindet sich in einem alten Industriegeb\u00e4ude in Leipzigs sch\u00f6nem Stadtteil Schleu\u00dfig. Ein lichter, klarer Raum bietet den optimalen Rahmen f\u00fcr Konzentration sowie Entspannung. Nach dem Yogakurs l\u00e4dt der ruhige Innenhof zum kurzen Verweilen mit einer Tasse Tee ein. Das Studio ist sehr gut mit den \u00f6ffentlichen Verkehrsmitteln zu erreichen.Tram 1 &amp; 2 Ausstieg R\u00f6delstra\u00dfe<\/p>\n\n\n\n<div class=\"wp-block-buttons is-layout-flex wp-block-buttons-is-layout-flex\">\n<div class=\"wp-block-button\"><a class=\"wp-block-button__link wp-element-button\" href=\"https:\/\/iyoga-leipzig.de\/blog\/yogakurse\/\">Zu den Kursen<\/a><\/div>\n<\/div>\n<\/div>\n\n\n\n<div class=\"wp-block-uagb-container uagb-block-45b6cdde\">\n<figure class=\"wp-block-image size-large\"><img loading=\"lazy\" decoding=\"async\" width=\"1024\" height=\"682\" src=\"https:\/\/iyoga-leipzig.de\/blog\/wp-content\/uploads\/2024\/04\/DTB4429-1024x682.jpg\" alt=\"\" class=\"wp-image-41\" srcset=\"https:\/\/iyoga-leipzig.de\/blog\/wp-content\/uploads\/2024\/04\/DTB4429-1024x682.jpg 1024w, https:\/\/iyoga-leipzig.de\/blog\/wp-content\/uploads\/2024\/04\/DTB4429-300x200.jpg 300w, https:\/\/iyoga-leipzig.de\/blog\/wp-content\/uploads\/2024\/04\/DTB4429-768x512.jpg 768w, https:\/\/iyoga-leipzig.de\/blog\/wp-content\/uploads\/2024\/04\/DTB4429-1536x1023.jpg 1536w, https:\/\/iyoga-leipzig.de\/blog\/wp-content\/uploads\/2024\/04\/DTB4429-2048x1364.jpg 2048w\" sizes=\"auto, (max-width: 1024px) 100vw, 1024px\" \/><\/figure>\n<\/div>\n<\/div><\/div>\n\n\n\n<figure class=\"wp-block-gallery has-nested-images columns-default is-cropped wp-block-gallery-1 is-layout-flex wp-block-gallery-is-layout-flex\">\n<figure class=\"wp-block-image size-large\"><img loading=\"lazy\" decoding=\"async\" width=\"937\" height=\"1024\" data-id=\"46\" src=\"https:\/\/iyoga-leipzig.de\/blog\/wp-content\/uploads\/2024\/04\/eg11.06.22_4812b-937x1024.jpg\" alt=\"\" class=\"wp-image-46\" srcset=\"https:\/\/iyoga-leipzig.de\/blog\/wp-content\/uploads\/2024\/04\/eg11.06.22_4812b-937x1024.jpg 937w, https:\/\/iyoga-leipzig.de\/blog\/wp-content\/uploads\/2024\/04\/eg11.06.22_4812b-274x300.jpg 274w, https:\/\/iyoga-leipzig.de\/blog\/wp-content\/uploads\/2024\/04\/eg11.06.22_4812b-768x840.jpg 768w, https:\/\/iyoga-leipzig.de\/blog\/wp-content\/uploads\/2024\/04\/eg11.06.22_4812b-1405x1536.jpg 1405w, https:\/\/iyoga-leipzig.de\/blog\/wp-content\/uploads\/2024\/04\/eg11.06.22_4812b-1873x2048.jpg 1873w, https:\/\/iyoga-leipzig.de\/blog\/wp-content\/uploads\/2024\/04\/eg11.06.22_4812b.jpg 1920w\" sizes=\"auto, (max-width: 937px) 100vw, 937px\" \/><\/figure>\n\n\n\n<figure class=\"wp-block-image size-large\"><img loading=\"lazy\" decoding=\"async\" width=\"1024\" height=\"711\" data-id=\"43\" src=\"https:\/\/iyoga-leipzig.de\/blog\/wp-content\/uploads\/2024\/04\/eg11.06.22_4666b-1024x711.jpg\" alt=\"\" class=\"wp-image-43\" srcset=\"https:\/\/iyoga-leipzig.de\/blog\/wp-content\/uploads\/2024\/04\/eg11.06.22_4666b-1024x711.jpg 1024w, https:\/\/iyoga-leipzig.de\/blog\/wp-content\/uploads\/2024\/04\/eg11.06.22_4666b-300x208.jpg 300w, https:\/\/iyoga-leipzig.de\/blog\/wp-content\/uploads\/2024\/04\/eg11.06.22_4666b-768x533.jpg 768w, https:\/\/iyoga-leipzig.de\/blog\/wp-content\/uploads\/2024\/04\/eg11.06.22_4666b-1536x1066.jpg 1536w, https:\/\/iyoga-leipzig.de\/blog\/wp-content\/uploads\/2024\/04\/eg11.06.22_4666b.jpg 1920w\" sizes=\"auto, (max-width: 1024px) 100vw, 1024px\" \/><\/figure>\n\n\n\n<figure class=\"wp-block-image size-large\"><img loading=\"lazy\" decoding=\"async\" width=\"1024\" height=\"626\" data-id=\"48\" src=\"https:\/\/iyoga-leipzig.de\/blog\/wp-content\/uploads\/2024\/04\/eg11.06.22_4704b-1-1024x626.jpg\" alt=\"\" class=\"wp-image-48\" srcset=\"https:\/\/iyoga-leipzig.de\/blog\/wp-content\/uploads\/2024\/04\/eg11.06.22_4704b-1-1024x626.jpg 1024w, https:\/\/iyoga-leipzig.de\/blog\/wp-content\/uploads\/2024\/04\/eg11.06.22_4704b-1-300x183.jpg 300w, https:\/\/iyoga-leipzig.de\/blog\/wp-content\/uploads\/2024\/04\/eg11.06.22_4704b-1-768x470.jpg 768w, https:\/\/iyoga-leipzig.de\/blog\/wp-content\/uploads\/2024\/04\/eg11.06.22_4704b-1-1536x939.jpg 1536w, https:\/\/iyoga-leipzig.de\/blog\/wp-content\/uploads\/2024\/04\/eg11.06.22_4704b-1.jpg 1920w\" sizes=\"auto, (max-width: 1024px) 100vw, 1024px\" \/><\/figure>\n<\/figure>\n\n\n\n<div class=\"wp-block-uagb-container uagb-block-742f083b alignfull uagb-is-root-container\"><div class=\"uagb-container-inner-blocks-wrap\">\n<div class=\"wp-block-uagb-container uagb-block-13ad743f\">\n<figure class=\"wp-block-image size-large\"><img loading=\"lazy\" decoding=\"async\" width=\"1024\" height=\"694\" src=\"https:\/\/iyoga-leipzig.de\/blog\/wp-content\/uploads\/2024\/04\/eg1.06.22_4687b-1024x694.jpg\" alt=\"\" class=\"wp-image-50\" style=\"aspect-ratio:1;object-fit:cover\" srcset=\"https:\/\/iyoga-leipzig.de\/blog\/wp-content\/uploads\/2024\/04\/eg1.06.22_4687b-1024x694.jpg 1024w, https:\/\/iyoga-leipzig.de\/blog\/wp-content\/uploads\/2024\/04\/eg1.06.22_4687b-300x203.jpg 300w, https:\/\/iyoga-leipzig.de\/blog\/wp-content\/uploads\/2024\/04\/eg1.06.22_4687b-768x520.jpg 768w, https:\/\/iyoga-leipzig.de\/blog\/wp-content\/uploads\/2024\/04\/eg1.06.22_4687b-1536x1041.jpg 1536w, https:\/\/iyoga-leipzig.de\/blog\/wp-content\/uploads\/2024\/04\/eg1.06.22_4687b.jpg 1920w\" sizes=\"auto, (max-width: 1024px) 100vw, 1024px\" \/><\/figure>\n<\/div>\n\n\n\n<div class=\"wp-block-uagb-container uagb-block-b915b4e9\">\n<h2 class=\"wp-block-heading\">Betriebsyoga<\/h2>\n\n\n\n<p>Seit vielen Jahren gebe ich neben meinen festen Yogakursen im Studio in Schleu\u00dfig Yogaunterricht in verschiedenen Firmen.<\/p>\n\n\n\n<p>Dazu geh\u00f6ren unter anderem eine Anw\u00e4ltinnenkanzlei, eine Arztpraxis, eine IT Firma und eine renommierte Bank. Der Yogaunterricht findet vor oder nach der Arbeitszeit statt, wenn gew\u00fcnscht auch innerhalb der Mittagspause.<\/p>\n\n\n\n<p>Eine Begleitung ist sowohl in ihren eigenen R\u00e4umen, als auch online zur Unterst\u00fctzung im Homeoffice oder auf Gesch\u00e4ftsreisen m\u00f6glich. Wenn auch Sie ihr Team mit regelm\u00e4\u00dfigem Yogaunterricht f\u00f6rdern m\u00f6chten, nehmen Sie gern Kontakt zu mir auf.<\/p>\n<\/div>\n<\/div><\/div>\n\n\n\n<div class=\"wp-block-uagb-container uagb-block-54a9602f alignfull uagb-is-root-container\"><div class=\"uagb-container-inner-blocks-wrap\">\n<div class=\"wp-block-uagb-container uagb-block-61323a24\">\n<h2 class=\"wp-block-heading\">\u00dcber mich<\/h2>\n\n\n\n<p>&#8211; Jahrgang 1976, geboren in Schleswig-Holstein<br>&#8211; erste pr\u00e4gende Erfahrung mit dem Iyengar Yoga im Jahr 2000<br>&#8211; 2005 Studienaufenthalt am Iyengar Yoga Institut Puna\/Indien (RIMY)<br>&#8211; mit dem gro\u00dfen Gl\u00fcck, in der Zeit meines Aufenthaltes BKS Iyengar und Gheeta Iyengar in ihrem Wirken noch erleben zu d\u00fcrfen.<br>&#8211; anschlie\u00dfend Beginn der 3-j\u00e4hrigen Ausbildung zur Iyengar\u00ae Yogalehrerin<br>&#8211; 2010 Abschluss der Ausbildung zur Iyengar\u00ae Yogalehrerin, Mitglied des Berufsverband IYD<br>&#8211; seit 2010 freiberuflich als Yogalehrerin t\u00e4tig<br>&#8211; regelm\u00e4\u00dfige Teilnahme an Weiterbildungen im Rahmen des IYD Berufsverband<\/p>\n\n\n\n<div class=\"wp-block-group is-nowrap is-layout-flex wp-container-core-group-is-layout-6c531013 wp-block-group-is-layout-flex\">\n<figure class=\"wp-block-image size-full\"><img loading=\"lazy\" decoding=\"async\" width=\"154\" height=\"130\" src=\"https:\/\/iyoga-leipzig.de\/blog\/wp-content\/uploads\/2024\/04\/Illustration-1.gif\" alt=\"\" class=\"wp-image-52\"\/><\/figure>\n\n\n\n<div class=\"wp-block-group is-vertical is-layout-flex wp-container-core-group-is-layout-fe9cc265 wp-block-group-is-layout-flex\">\n<p>Eva Bube<br><em>zertifizierte Iyengar Yoga Lehrerin<\/em><\/p>\n<\/div>\n<\/div>\n<\/div>\n\n\n\n<div class=\"wp-block-uagb-container uagb-block-66d799b2\">\n<figure class=\"wp-block-image size-large\"><img loading=\"lazy\" decoding=\"async\" width=\"1024\" height=\"683\" src=\"https:\/\/iyoga-leipzig.de\/blog\/wp-content\/uploads\/2024\/04\/eva11.06.22_4548b-1024x683.jpg\" alt=\"\" class=\"wp-image-51\" style=\"aspect-ratio:1;object-fit:cover\" srcset=\"https:\/\/iyoga-leipzig.de\/blog\/wp-content\/uploads\/2024\/04\/eva11.06.22_4548b-1024x683.jpg 1024w, https:\/\/iyoga-leipzig.de\/blog\/wp-content\/uploads\/2024\/04\/eva11.06.22_4548b-300x200.jpg 300w, https:\/\/iyoga-leipzig.de\/blog\/wp-content\/uploads\/2024\/04\/eva11.06.22_4548b-768x512.jpg 768w, https:\/\/iyoga-leipzig.de\/blog\/wp-content\/uploads\/2024\/04\/eva11.06.22_4548b-1536x1025.jpg 1536w, https:\/\/iyoga-leipzig.de\/blog\/wp-content\/uploads\/2024\/04\/eva11.06.22_4548b.jpg 1920w\" sizes=\"auto, (max-width: 1024px) 100vw, 1024px\" \/><\/figure>\n<\/div>\n<\/div><\/div>\n\n\n\n<div class=\"wp-block-uagb-container uagb-block-0e5e3268 alignfull uagb-is-root-container\"><div class=\"uagb-container-inner-blocks-wrap\">\n<p class=\"has-text-align-center\">BKS Iyengar hat eine Form der Yogapraxis entwickelt, die exaktes anatomisches Wissen mit alter philosophischer Weisheit vereint und eine tiefe spirituelle Erfahrung erm\u00f6glicht.<\/p>\n<\/div><\/div>\n","protected":false},"excerpt":{"rendered":"<p>Iyengar Yoga Innehalten im Alltag, Zeit f\u00fcr mich und meinen K\u00f6rper zu haben, ihn zu sp\u00fcren und gesund zu erhalten sowie mit meinen Gef\u00fchlen und Bed\u00fcrfnissen in Kontakt zu kommen. Ich liebe die Momente der Klarheit, der Weite, der Stille, der Ausgeglichenheit, der Stabilit\u00e4t und Kraft, die sich beim Praktizieren auf k\u00f6rperlicher, emotionaler und geistiger &hellip;<\/p>\n<p class=\"read-more\"> <a class=\"\" href=\"https:\/\/iyoga-leipzig.de\/blog\/\"> <span class=\"screen-reader-text\">Home<\/span> Weiterlesen &raquo;<\/a><\/p>\n","protected":false},"author":1,"featured_media":0,"parent":0,"menu_order":0,"comment_status":"closed","ping_status":"closed","template":"","meta":{"_uag_custom_page_level_css":"","site-sidebar-layout":"default","site-content-layout":"","ast-site-content-layout":"default","site-content-style":"default","site-sidebar-style":"default","ast-global-header-display":"","ast-banner-title-visibility":"disabled","ast-main-header-display":"","ast-hfb-above-header-display":"","ast-hfb-below-header-display":"","ast-hfb-mobile-header-display":"","site-post-title":"","ast-breadcrumbs-content":"","ast-featured-img":"","footer-sml-layout":"","theme-transparent-header-meta":"","adv-header-id-meta":"","stick-header-meta":"","header-above-stick-meta":"","header-main-stick-meta":"","header-below-stick-meta":"","astra-migrate-meta-layouts":"set","footnotes":""},"class_list":["post-25","page","type-page","status-publish","hentry"],"yoast_head":"<!-- This site is optimized with the Yoast SEO plugin v21.1 - https:\/\/yoast.com\/wordpress\/plugins\/seo\/ -->\n<title>Home - Eva Bube<\/title>\n<meta name=\"robots\" content=\"noindex, follow, max-snippet:-1, max-image-preview:large, max-video-preview:-1\" \/>\n<meta property=\"og:locale\" content=\"de_DE\" \/>\n<meta property=\"og:type\" content=\"article\" \/>\n<meta property=\"og:title\" content=\"Home - Eva Bube\" \/>\n<meta property=\"og:description\" content=\"Iyengar Yoga Innehalten im Alltag, Zeit f\u00fcr mich und meinen K\u00f6rper zu haben, ihn zu sp\u00fcren und gesund zu erhalten sowie mit meinen Gef\u00fchlen und Bed\u00fcrfnissen in Kontakt zu kommen. Ich liebe die Momente der Klarheit, der Weite, der Stille, der Ausgeglichenheit, der Stabilit\u00e4t und Kraft, die sich beim Praktizieren auf k\u00f6rperlicher, emotionaler und geistiger &hellip; Home Weiterlesen &raquo;\" \/>\n<meta property=\"og:url\" content=\"https:\/\/iyoga-leipzig.de\/blog\/\" \/>\n<meta property=\"og:site_name\" content=\"Eva Bube\" \/>\n<meta property=\"article:modified_time\" content=\"2024-04-12T13:44:44+00:00\" \/>\n<meta property=\"og:image\" content=\"https:\/\/iyoga-leipzig.de\/blog\/wp-content\/uploads\/2024\/04\/DTB4460-scaled.jpg\" \/>\n<meta name=\"twitter:card\" content=\"summary_large_image\" \/>\n<meta name=\"twitter:label1\" content=\"Gesch\u00e4tzte Lesezeit\" \/>\n\t<meta name=\"twitter:data1\" content=\"5\u00a0Minuten\" \/>\n<script type=\"application\/ld+json\" class=\"yoast-schema-graph\">{\"@context\":\"https:\/\/schema.org\",\"@graph\":[{\"@type\":\"WebPage\",\"@id\":\"https:\/\/iyoga-leipzig.de\/blog\/\",\"url\":\"https:\/\/iyoga-leipzig.de\/blog\/\",\"name\":\"Home - Eva Bube\",\"isPartOf\":{\"@id\":\"https:\/\/iyoga-leipzig.de\/blog\/#website\"},\"datePublished\":\"2024-04-04T01:51:20+00:00\",\"dateModified\":\"2024-04-12T13:44:44+00:00\",\"breadcrumb\":{\"@id\":\"https:\/\/iyoga-leipzig.de\/blog\/#breadcrumb\"},\"inLanguage\":\"de\",\"potentialAction\":[{\"@type\":\"ReadAction\",\"target\":[\"https:\/\/iyoga-leipzig.de\/blog\/\"]}]},{\"@type\":\"BreadcrumbList\",\"@id\":\"https:\/\/iyoga-leipzig.de\/blog\/#breadcrumb\",\"itemListElement\":[{\"@type\":\"ListItem\",\"position\":1,\"name\":\"Startseite\",\"item\":\"https:\/\/iyoga-leipzig.de\/blog\/\"},{\"@type\":\"ListItem\",\"position\":2,\"name\":\"Home\"}]},{\"@type\":\"WebSite\",\"@id\":\"https:\/\/iyoga-leipzig.de\/blog\/#website\",\"url\":\"https:\/\/iyoga-leipzig.de\/blog\/\",\"name\":\"Eva Bube\",\"description\":\"- Iyengar Yoga in Leipzig - Schleu\u00dfig\",\"potentialAction\":[{\"@type\":\"SearchAction\",\"target\":{\"@type\":\"EntryPoint\",\"urlTemplate\":\"https:\/\/iyoga-leipzig.de\/blog\/?s={search_term_string}\"},\"query-input\":\"required name=search_term_string\"}],\"inLanguage\":\"de\"}]}<\/script>\n<!-- \/ Yoast SEO plugin. -->","yoast_head_json":{"title":"Home - Eva Bube","robots":{"index":"noindex","follow":"follow","max-snippet":"max-snippet:-1","max-image-preview":"max-image-preview:large","max-video-preview":"max-video-preview:-1"},"og_locale":"de_DE","og_type":"article","og_title":"Home - Eva Bube","og_description":"Iyengar Yoga Innehalten im Alltag, Zeit f\u00fcr mich und meinen K\u00f6rper zu haben, ihn zu sp\u00fcren und gesund zu erhalten sowie mit meinen Gef\u00fchlen und Bed\u00fcrfnissen in Kontakt zu kommen. Ich liebe die Momente der Klarheit, der Weite, der Stille, der Ausgeglichenheit, der Stabilit\u00e4t und Kraft, die sich beim Praktizieren auf k\u00f6rperlicher, emotionaler und geistiger &hellip; Home Weiterlesen &raquo;","og_url":"https:\/\/iyoga-leipzig.de\/blog\/","og_site_name":"Eva Bube","article_modified_time":"2024-04-12T13:44:44+00:00","og_image":[{"url":"https:\/\/iyoga-leipzig.de\/blog\/wp-content\/uploads\/2024\/04\/DTB4460-scaled.jpg"}],"twitter_card":"summary_large_image","twitter_misc":{"Gesch\u00e4tzte Lesezeit":"5\u00a0Minuten"},"schema":{"@context":"https:\/\/schema.org","@graph":[{"@type":"WebPage","@id":"https:\/\/iyoga-leipzig.de\/blog\/","url":"https:\/\/iyoga-leipzig.de\/blog\/","name":"Home - Eva Bube","isPartOf":{"@id":"https:\/\/iyoga-leipzig.de\/blog\/#website"},"datePublished":"2024-04-04T01:51:20+00:00","dateModified":"2024-04-12T13:44:44+00:00","breadcrumb":{"@id":"https:\/\/iyoga-leipzig.de\/blog\/#breadcrumb"},"inLanguage":"de","potentialAction":[{"@type":"ReadAction","target":["https:\/\/iyoga-leipzig.de\/blog\/"]}]},{"@type":"BreadcrumbList","@id":"https:\/\/iyoga-leipzig.de\/blog\/#breadcrumb","itemListElement":[{"@type":"ListItem","position":1,"name":"Startseite","item":"https:\/\/iyoga-leipzig.de\/blog\/"},{"@type":"ListItem","position":2,"name":"Home"}]},{"@type":"WebSite","@id":"https:\/\/iyoga-leipzig.de\/blog\/#website","url":"https:\/\/iyoga-leipzig.de\/blog\/","name":"Eva Bube","description":"- Iyengar Yoga in Leipzig - Schleu\u00dfig","potentialAction":[{"@type":"SearchAction","target":{"@type":"EntryPoint","urlTemplate":"https:\/\/iyoga-leipzig.de\/blog\/?s={search_term_string}"},"query-input":"required name=search_term_string"}],"inLanguage":"de"}]}},"uagb_featured_image_src":{"full":false,"thumbnail":false,"medium":false,"medium_large":false,"large":false,"1536x1536":false,"2048x2048":false},"uagb_author_info":{"display_name":"admin","author_link":"https:\/\/iyoga-leipzig.de\/blog\/author\/petervoitenleitner\/"},"uagb_comment_info":0,"uagb_excerpt":"Iyengar Yoga Innehalten im Alltag, Zeit f\u00fcr mich und meinen K\u00f6rper zu haben, ihn zu sp\u00fcren und gesund zu erhalten sowie mit meinen Gef\u00fchlen und Bed\u00fcrfnissen in Kontakt zu kommen. Ich liebe die Momente der Klarheit, der Weite, der Stille, der Ausgeglichenheit, der Stabilit\u00e4t und Kraft, die sich beim Praktizieren auf k\u00f6rperlicher, emotionaler und geistiger&hellip;","_links":{"self":[{"href":"https:\/\/iyoga-leipzig.de\/blog\/wp-json\/wp\/v2\/pages\/25","targetHints":{"allow":["GET"]}}],"collection":[{"href":"https:\/\/iyoga-leipzig.de\/blog\/wp-json\/wp\/v2\/pages"}],"about":[{"href":"https:\/\/iyoga-leipzig.de\/blog\/wp-json\/wp\/v2\/types\/page"}],"author":[{"embeddable":true,"href":"https:\/\/iyoga-leipzig.de\/blog\/wp-json\/wp\/v2\/users\/1"}],"replies":[{"embeddable":true,"href":"https:\/\/iyoga-leipzig.de\/blog\/wp-json\/wp\/v2\/comments?post=25"}],"version-history":[{"count":16,"href":"https:\/\/iyoga-leipzig.de\/blog\/wp-json\/wp\/v2\/pages\/25\/revisions"}],"predecessor-version":[{"id":95,"href":"https:\/\/iyoga-leipzig.de\/blog\/wp-json\/wp\/v2\/pages\/25\/revisions\/95"}],"wp:attachment":[{"href":"https:\/\/iyoga-leipzig.de\/blog\/wp-json\/wp\/v2\/media?parent=25"}],"curies":[{"name":"wp","href":"https:\/\/api.w.org\/{rel}","templated":true}]}}